{"id":13108,"date":"2014-03-28T14:16:54","date_gmt":"2014-03-28T13:16:54","guid":{"rendered":"https:\/\/houseofflorenceonline.com\/?post_type=product&#038;p=13108"},"modified":"2026-03-18T10:34:12","modified_gmt":"2026-03-18T09:34:12","slug":"venus-straw-binding-mini-tote","status":"publish","type":"product","link":"https:\/\/houseofflorenceonline.com\/it\/shop\/venus-straw-binding-mini-tote\/","title":{"rendered":"VENUS | Straw Binding Mini Tote"},"content":{"rendered":"<p>Un'edizione estiva della nostra iconica Venus, mini tote. Questa mini bag ha le dimensioni giuste per contenere tutti i tuoi oggetti essenziali come cellulare, chiavi e portacarte. \u00c8 realizzata in pelle e paglia. La tracolla \u00e8 rimovibile, dandoti la possibilit\u00e0 di portarla a tracolla o a mano.<\/p>","protected":false},"excerpt":{"rendered":"<p>Un'edizione estiva della nostra iconica Venus, mini tote. Questa mini bag ha le dimensioni giuste per contenere tutti i tuoi oggetti essenziali come cellulare, chiavi e portacarte. \u00c8 realizzata in pelle e paglia. La tracolla \u00e8 rimovibile, dandoti la possibilit\u00e0 di portarla a tracolla o a mano.<\/p>","protected":false},"featured_media":13109,"comment_status":"open","ping_status":"closed","template":"","meta":[],"product_brand":[],"product_cat":[104,1021],"product_tag":[],"class_list":{"0":"post-13108","1":"product","2":"type-product","3":"status-publish","4":"has-post-thumbnail","6":"product_cat-bags","7":"product_cat-sale","9":"first","10":"outofstock","11":"sale","12":"taxable","13":"shipping-taxable","14":"purchasable","15":"product-type-simple"},"yoast_head":"<!-- This site is optimized with the Yoast SEO plugin v27.3 - https:\/\/yoast.com\/product\/yoast-seo-wordpress\/ -->\n<title>VENUS | Straw Binding Mini Tote - House of Florence<\/title>\n<meta name=\"robots\" content=\"index, follow, max-snippet:-1, max-image-preview:large, max-video-preview:-1\" \/>\n<link rel=\"canonical\" href=\"https:\/\/houseofflorenceonline.com\/it\/shop\/venus-straw-binding-mini-tote\/\" \/>\n<meta property=\"og:locale\" content=\"it_IT\" \/>\n<meta property=\"og:type\" content=\"article\" \/>\n<meta property=\"og:title\" content=\"VENUS | Straw Binding Mini Tote - House of Florence\" \/>\n<meta property=\"og:description\" content=\"Introducing a summer edition of our iconic Venus, mini tote. This mini bag is the right size to fit all your essentials such as cell phone, keys, and card holder. It is crafted from leather and straw. The shoulder strap is removable, giving you the option of carrying it crossbody or by hand.\" \/>\n<meta property=\"og:url\" content=\"https:\/\/houseofflorenceonline.com\/it\/shop\/venus-straw-binding-mini-tote\/\" \/>\n<meta property=\"og:site_name\" content=\"House of Florence\" \/>\n<meta property=\"article:publisher\" content=\"https:\/\/www.facebook.com\/houseofflorenceofficial\" \/>\n<meta property=\"article:modified_time\" content=\"2026-03-18T09:34:12+00:00\" \/>\n<meta property=\"og:image\" content=\"https:\/\/houseofflorenceonline.com\/wp-content\/uploads\/2025\/02\/1-8.jpg\" \/>\n\t<meta property=\"og:image:width\" content=\"700\" \/>\n\t<meta property=\"og:image:height\" content=\"870\" \/>\n\t<meta property=\"og:image:type\" content=\"image\/jpeg\" \/>\n<meta name=\"twitter:card\" content=\"summary_large_image\" \/>\n<meta name=\"twitter:label1\" content=\"Tempo di lettura stimato\" \/>\n\t<meta name=\"twitter:data1\" content=\"1 minuto\" \/>\n<script type=\"application\/ld+json\" class=\"yoast-schema-graph\">{\"@context\":\"https:\\\/\\\/schema.org\",\"@graph\":[{\"@type\":\"WebPage\",\"@id\":\"https:\\\/\\\/houseofflorenceonline.com\\\/shop\\\/venus-straw-binding-mini-tote\\\/\",\"url\":\"https:\\\/\\\/houseofflorenceonline.com\\\/shop\\\/venus-straw-binding-mini-tote\\\/\",\"name\":\"VENUS | Straw Binding Mini Tote - House of Florence\",\"isPartOf\":{\"@id\":\"https:\\\/\\\/houseofflorenceonline.com\\\/#website\"},\"primaryImageOfPage\":{\"@id\":\"https:\\\/\\\/houseofflorenceonline.com\\\/shop\\\/venus-straw-binding-mini-tote\\\/#primaryimage\"},\"image\":{\"@id\":\"https:\\\/\\\/houseofflorenceonline.com\\\/shop\\\/venus-straw-binding-mini-tote\\\/#primaryimage\"},\"thumbnailUrl\":\"https:\\\/\\\/houseofflorenceonline.com\\\/wp-content\\\/uploads\\\/2025\\\/02\\\/1-8.jpg\",\"datePublished\":\"2014-03-28T13:16:54+00:00\",\"dateModified\":\"2026-03-18T09:34:12+00:00\",\"breadcrumb\":{\"@id\":\"https:\\\/\\\/houseofflorenceonline.com\\\/shop\\\/venus-straw-binding-mini-tote\\\/#breadcrumb\"},\"inLanguage\":\"it-IT\",\"potentialAction\":[{\"@type\":\"ReadAction\",\"target\":[\"https:\\\/\\\/houseofflorenceonline.com\\\/shop\\\/venus-straw-binding-mini-tote\\\/\"]}]},{\"@type\":\"ImageObject\",\"inLanguage\":\"it-IT\",\"@id\":\"https:\\\/\\\/houseofflorenceonline.com\\\/shop\\\/venus-straw-binding-mini-tote\\\/#primaryimage\",\"url\":\"https:\\\/\\\/houseofflorenceonline.com\\\/wp-content\\\/uploads\\\/2025\\\/02\\\/1-8.jpg\",\"contentUrl\":\"https:\\\/\\\/houseofflorenceonline.com\\\/wp-content\\\/uploads\\\/2025\\\/02\\\/1-8.jpg\",\"width\":700,\"height\":870},{\"@type\":\"BreadcrumbList\",\"@id\":\"https:\\\/\\\/houseofflorenceonline.com\\\/shop\\\/venus-straw-binding-mini-tote\\\/#breadcrumb\",\"itemListElement\":[{\"@type\":\"ListItem\",\"position\":1,\"name\":\"Home\",\"item\":\"https:\\\/\\\/houseofflorenceonline.com\\\/\"},{\"@type\":\"ListItem\",\"position\":2,\"name\":\"Shop\",\"item\":\"https:\\\/\\\/houseofflorenceonline.com\\\/shop\\\/\"},{\"@type\":\"ListItem\",\"position\":3,\"name\":\"VENUS | Straw Binding Mini Tote\"}]},{\"@type\":\"WebSite\",\"@id\":\"https:\\\/\\\/houseofflorenceonline.com\\\/#website\",\"url\":\"https:\\\/\\\/houseofflorenceonline.com\\\/\",\"name\":\"House of Florence\",\"description\":\"\",\"publisher\":{\"@id\":\"https:\\\/\\\/houseofflorenceonline.com\\\/#organization\"},\"potentialAction\":[{\"@type\":\"SearchAction\",\"target\":{\"@type\":\"EntryPoint\",\"urlTemplate\":\"https:\\\/\\\/houseofflorenceonline.com\\\/?s={search_term_string}\"},\"query-input\":{\"@type\":\"PropertyValueSpecification\",\"valueRequired\":true,\"valueName\":\"search_term_string\"}}],\"inLanguage\":\"it-IT\"},{\"@type\":\"Organization\",\"@id\":\"https:\\\/\\\/houseofflorenceonline.com\\\/#organization\",\"name\":\"House Of Florence\",\"url\":\"https:\\\/\\\/houseofflorenceonline.com\\\/\",\"logo\":{\"@type\":\"ImageObject\",\"inLanguage\":\"it-IT\",\"@id\":\"https:\\\/\\\/houseofflorenceonline.com\\\/#\\\/schema\\\/logo\\\/image\\\/\",\"url\":\"http:\\\/\\\/houseofflorenceonline.com\\\/wp-content\\\/uploads\\\/2020\\\/10\\\/512-HOF-Logo-Black.png\",\"contentUrl\":\"http:\\\/\\\/houseofflorenceonline.com\\\/wp-content\\\/uploads\\\/2020\\\/10\\\/512-HOF-Logo-Black.png\",\"width\":513,\"height\":513,\"caption\":\"House Of Florence\"},\"image\":{\"@id\":\"https:\\\/\\\/houseofflorenceonline.com\\\/#\\\/schema\\\/logo\\\/image\\\/\"},\"sameAs\":[\"https:\\\/\\\/www.facebook.com\\\/houseofflorenceofficial\",\"https:\\\/\\\/www.instagram.com\\\/houseofflorenceofficial\\\/\"]}]}<\/script>\n<!-- \/ Yoast SEO plugin. -->","yoast_head_json":{"title":"VENUS | Straw Binding Mini Tote - House of Florence","robots":{"index":"index","follow":"follow","max-snippet":"max-snippet:-1","max-image-preview":"max-image-preview:large","max-video-preview":"max-video-preview:-1"},"canonical":"https:\/\/houseofflorenceonline.com\/it\/shop\/venus-straw-binding-mini-tote\/","og_locale":"it_IT","og_type":"article","og_title":"VENUS | Straw Binding Mini Tote - House of Florence","og_description":"Introducing a summer edition of our iconic Venus, mini tote. This mini bag is the right size to fit all your essentials such as cell phone, keys, and card holder. It is crafted from leather and straw. The shoulder strap is removable, giving you the option of carrying it crossbody or by hand.","og_url":"https:\/\/houseofflorenceonline.com\/it\/shop\/venus-straw-binding-mini-tote\/","og_site_name":"House of Florence","article_publisher":"https:\/\/www.facebook.com\/houseofflorenceofficial","article_modified_time":"2026-03-18T09:34:12+00:00","og_image":[{"width":700,"height":870,"url":"https:\/\/houseofflorenceonline.com\/wp-content\/uploads\/2025\/02\/1-8.jpg","type":"image\/jpeg"}],"twitter_card":"summary_large_image","twitter_misc":{"Tempo di lettura stimato":"1 minuto"},"schema":{"@context":"https:\/\/schema.org","@graph":[{"@type":"WebPage","@id":"https:\/\/houseofflorenceonline.com\/shop\/venus-straw-binding-mini-tote\/","url":"https:\/\/houseofflorenceonline.com\/shop\/venus-straw-binding-mini-tote\/","name":"VENUS | Straw Binding Mini Tote - House of Florence","isPartOf":{"@id":"https:\/\/houseofflorenceonline.com\/#website"},"primaryImageOfPage":{"@id":"https:\/\/houseofflorenceonline.com\/shop\/venus-straw-binding-mini-tote\/#primaryimage"},"image":{"@id":"https:\/\/houseofflorenceonline.com\/shop\/venus-straw-binding-mini-tote\/#primaryimage"},"thumbnailUrl":"https:\/\/houseofflorenceonline.com\/wp-content\/uploads\/2025\/02\/1-8.jpg","datePublished":"2014-03-28T13:16:54+00:00","dateModified":"2026-03-18T09:34:12+00:00","breadcrumb":{"@id":"https:\/\/houseofflorenceonline.com\/shop\/venus-straw-binding-mini-tote\/#breadcrumb"},"inLanguage":"it-IT","potentialAction":[{"@type":"ReadAction","target":["https:\/\/houseofflorenceonline.com\/shop\/venus-straw-binding-mini-tote\/"]}]},{"@type":"ImageObject","inLanguage":"it-IT","@id":"https:\/\/houseofflorenceonline.com\/shop\/venus-straw-binding-mini-tote\/#primaryimage","url":"https:\/\/houseofflorenceonline.com\/wp-content\/uploads\/2025\/02\/1-8.jpg","contentUrl":"https:\/\/houseofflorenceonline.com\/wp-content\/uploads\/2025\/02\/1-8.jpg","width":700,"height":870},{"@type":"BreadcrumbList","@id":"https:\/\/houseofflorenceonline.com\/shop\/venus-straw-binding-mini-tote\/#breadcrumb","itemListElement":[{"@type":"ListItem","position":1,"name":"Home","item":"https:\/\/houseofflorenceonline.com\/"},{"@type":"ListItem","position":2,"name":"Shop","item":"https:\/\/houseofflorenceonline.com\/shop\/"},{"@type":"ListItem","position":3,"name":"VENUS | Straw Binding Mini Tote"}]},{"@type":"WebSite","@id":"https:\/\/houseofflorenceonline.com\/#website","url":"https:\/\/houseofflorenceonline.com\/","name":"House of Florence","description":"","publisher":{"@id":"https:\/\/houseofflorenceonline.com\/#organization"},"potentialAction":[{"@type":"SearchAction","target":{"@type":"EntryPoint","urlTemplate":"https:\/\/houseofflorenceonline.com\/?s={search_term_string}"},"query-input":{"@type":"PropertyValueSpecification","valueRequired":true,"valueName":"search_term_string"}}],"inLanguage":"it-IT"},{"@type":"Organization","@id":"https:\/\/houseofflorenceonline.com\/#organization","name":"House Of Florence","url":"https:\/\/houseofflorenceonline.com\/","logo":{"@type":"ImageObject","inLanguage":"it-IT","@id":"https:\/\/houseofflorenceonline.com\/#\/schema\/logo\/image\/","url":"http:\/\/houseofflorenceonline.com\/wp-content\/uploads\/2020\/10\/512-HOF-Logo-Black.png","contentUrl":"http:\/\/houseofflorenceonline.com\/wp-content\/uploads\/2020\/10\/512-HOF-Logo-Black.png","width":513,"height":513,"caption":"House Of Florence"},"image":{"@id":"https:\/\/houseofflorenceonline.com\/#\/schema\/logo\/image\/"},"sameAs":["https:\/\/www.facebook.com\/houseofflorenceofficial","https:\/\/www.instagram.com\/houseofflorenceofficial\/"]}]}},"_links":{"self":[{"href":"https:\/\/houseofflorenceonline.com\/it\/wp-json\/wp\/v2\/product\/13108","targetHints":{"allow":["GET"]}}],"collection":[{"href":"https:\/\/houseofflorenceonline.com\/it\/wp-json\/wp\/v2\/product"}],"about":[{"href":"https:\/\/houseofflorenceonline.com\/it\/wp-json\/wp\/v2\/types\/product"}],"replies":[{"embeddable":true,"href":"https:\/\/houseofflorenceonline.com\/it\/wp-json\/wp\/v2\/comments?post=13108"}],"wp:featuredmedia":[{"embeddable":true,"href":"https:\/\/houseofflorenceonline.com\/it\/wp-json\/wp\/v2\/media\/13109"}],"wp:attachment":[{"href":"https:\/\/houseofflorenceonline.com\/it\/wp-json\/wp\/v2\/media?parent=13108"}],"wp:term":[{"taxonomy":"product_brand","embeddable":true,"href":"https:\/\/houseofflorenceonline.com\/it\/wp-json\/wp\/v2\/product_brand?post=13108"},{"taxonomy":"product_cat","embeddable":true,"href":"https:\/\/houseofflorenceonline.com\/it\/wp-json\/wp\/v2\/product_cat?post=13108"},{"taxonomy":"product_tag","embeddable":true,"href":"https:\/\/houseofflorenceonline.com\/it\/wp-json\/wp\/v2\/product_tag?post=13108"}],"curies":[{"name":"wp","href":"https:\/\/api.w.org\/{rel}","templated":true}]}}