{"id":13091,"date":"2014-03-27T13:22:23","date_gmt":"2014-03-27T12:22:23","guid":{"rendered":"https:\/\/houseofflorenceonline.com\/?post_type=product&#038;p=13091"},"modified":"2026-03-18T10:35:47","modified_gmt":"2026-03-18T09:35:47","slug":"wilma-laser-shoulder-bag","status":"publish","type":"product","link":"https:\/\/houseofflorenceonline.com\/it\/shop\/wilma-laser-shoulder-bag\/","title":{"rendered":"WILMA | Laser Shoulder Bag"},"content":{"rendered":"<p>L\u2019edizione estiva della nostra iconica Wilma. Questa hobo \u00e8 realizzata in palmellato. La tracolla \u00e8 regolabile dandoti la possibilit\u00e0 di portarla a tracolla o a spalla, mentre la chiusura a scatto mantiene i tuoi oggetti essenziali al sicuro. Con il suo design compatto, Wilma \u00e8 l'accessorio perfetto da portare con te tutto il giorno.<\/p>","protected":false},"excerpt":{"rendered":"<p>L\u2019edizione estiva della nostra iconica Wilma. Questa hobo \u00e8 realizzata in palmellato. La tracolla \u00e8 regolabile dandoti la possibilit\u00e0 di portarla a tracolla o a spalla, mentre la chiusura a scatto mantiene i tuoi oggetti essenziali al sicuro. Con il suo design compatto, Wilma \u00e8 l'accessorio perfetto da portare con te tutto il giorno.<\/p>","protected":false},"featured_media":13092,"comment_status":"open","ping_status":"closed","template":"","meta":[],"product_brand":[],"product_cat":[104,1021],"product_tag":[],"class_list":{"0":"post-13091","1":"product","2":"type-product","3":"status-publish","4":"has-post-thumbnail","6":"product_cat-bags","7":"product_cat-sale","9":"first","10":"instock","11":"sale","12":"taxable","13":"shipping-taxable","14":"purchasable","15":"product-type-simple"},"yoast_head":"<!-- This site is optimized with the Yoast SEO plugin v27.3 - https:\/\/yoast.com\/product\/yoast-seo-wordpress\/ -->\n<title>WILMA | Laser Shoulder Bag - House of Florence<\/title>\n<meta name=\"robots\" content=\"index, follow, max-snippet:-1, max-image-preview:large, max-video-preview:-1\" \/>\n<link rel=\"canonical\" href=\"https:\/\/houseofflorenceonline.com\/it\/shop\/wilma-laser-shoulder-bag\/\" \/>\n<meta property=\"og:locale\" content=\"it_IT\" \/>\n<meta property=\"og:type\" content=\"article\" \/>\n<meta property=\"og:title\" content=\"WILMA | Laser Shoulder Bag - House of Florence\" \/>\n<meta property=\"og:description\" content=\"A summer edition of our iconic Wilma. This hobo is crafted from palmellato leather. The shoulder strap is adjustable giving you the option of carrying it crossbody or by shoulder while the push-lock closure keeps your essentials secure. With its compact design, Wilma is the perfect accessory to carry with you all day long.\" \/>\n<meta property=\"og:url\" content=\"https:\/\/houseofflorenceonline.com\/it\/shop\/wilma-laser-shoulder-bag\/\" \/>\n<meta property=\"og:site_name\" content=\"House of Florence\" \/>\n<meta property=\"article:publisher\" content=\"https:\/\/www.facebook.com\/houseofflorenceofficial\" \/>\n<meta property=\"article:modified_time\" content=\"2026-03-18T09:35:47+00:00\" \/>\n<meta property=\"og:image\" content=\"https:\/\/houseofflorenceonline.com\/wp-content\/uploads\/2025\/02\/1-6.jpg\" \/>\n\t<meta property=\"og:image:width\" content=\"700\" \/>\n\t<meta property=\"og:image:height\" content=\"870\" \/>\n\t<meta property=\"og:image:type\" content=\"image\/jpeg\" \/>\n<meta name=\"twitter:card\" content=\"summary_large_image\" \/>\n<meta name=\"twitter:label1\" content=\"Tempo di lettura stimato\" \/>\n\t<meta name=\"twitter:data1\" content=\"1 minuto\" \/>\n<script type=\"application\/ld+json\" class=\"yoast-schema-graph\">{\"@context\":\"https:\\\/\\\/schema.org\",\"@graph\":[{\"@type\":\"WebPage\",\"@id\":\"https:\\\/\\\/houseofflorenceonline.com\\\/shop\\\/wilma-laser-shoulder-bag\\\/\",\"url\":\"https:\\\/\\\/houseofflorenceonline.com\\\/shop\\\/wilma-laser-shoulder-bag\\\/\",\"name\":\"WILMA | Laser Shoulder Bag - House of Florence\",\"isPartOf\":{\"@id\":\"https:\\\/\\\/houseofflorenceonline.com\\\/#website\"},\"primaryImageOfPage\":{\"@id\":\"https:\\\/\\\/houseofflorenceonline.com\\\/shop\\\/wilma-laser-shoulder-bag\\\/#primaryimage\"},\"image\":{\"@id\":\"https:\\\/\\\/houseofflorenceonline.com\\\/shop\\\/wilma-laser-shoulder-bag\\\/#primaryimage\"},\"thumbnailUrl\":\"https:\\\/\\\/houseofflorenceonline.com\\\/wp-content\\\/uploads\\\/2025\\\/02\\\/1-6.jpg\",\"datePublished\":\"2014-03-27T12:22:23+00:00\",\"dateModified\":\"2026-03-18T09:35:47+00:00\",\"breadcrumb\":{\"@id\":\"https:\\\/\\\/houseofflorenceonline.com\\\/shop\\\/wilma-laser-shoulder-bag\\\/#breadcrumb\"},\"inLanguage\":\"it-IT\",\"potentialAction\":[{\"@type\":\"ReadAction\",\"target\":[\"https:\\\/\\\/houseofflorenceonline.com\\\/shop\\\/wilma-laser-shoulder-bag\\\/\"]}]},{\"@type\":\"ImageObject\",\"inLanguage\":\"it-IT\",\"@id\":\"https:\\\/\\\/houseofflorenceonline.com\\\/shop\\\/wilma-laser-shoulder-bag\\\/#primaryimage\",\"url\":\"https:\\\/\\\/houseofflorenceonline.com\\\/wp-content\\\/uploads\\\/2025\\\/02\\\/1-6.jpg\",\"contentUrl\":\"https:\\\/\\\/houseofflorenceonline.com\\\/wp-content\\\/uploads\\\/2025\\\/02\\\/1-6.jpg\",\"width\":700,\"height\":870},{\"@type\":\"BreadcrumbList\",\"@id\":\"https:\\\/\\\/houseofflorenceonline.com\\\/shop\\\/wilma-laser-shoulder-bag\\\/#breadcrumb\",\"itemListElement\":[{\"@type\":\"ListItem\",\"position\":1,\"name\":\"Home\",\"item\":\"https:\\\/\\\/houseofflorenceonline.com\\\/\"},{\"@type\":\"ListItem\",\"position\":2,\"name\":\"Shop\",\"item\":\"https:\\\/\\\/houseofflorenceonline.com\\\/shop\\\/\"},{\"@type\":\"ListItem\",\"position\":3,\"name\":\"WILMA | Laser Shoulder Bag\"}]},{\"@type\":\"WebSite\",\"@id\":\"https:\\\/\\\/houseofflorenceonline.com\\\/#website\",\"url\":\"https:\\\/\\\/houseofflorenceonline.com\\\/\",\"name\":\"House of Florence\",\"description\":\"\",\"publisher\":{\"@id\":\"https:\\\/\\\/houseofflorenceonline.com\\\/#organization\"},\"potentialAction\":[{\"@type\":\"SearchAction\",\"target\":{\"@type\":\"EntryPoint\",\"urlTemplate\":\"https:\\\/\\\/houseofflorenceonline.com\\\/?s={search_term_string}\"},\"query-input\":{\"@type\":\"PropertyValueSpecification\",\"valueRequired\":true,\"valueName\":\"search_term_string\"}}],\"inLanguage\":\"it-IT\"},{\"@type\":\"Organization\",\"@id\":\"https:\\\/\\\/houseofflorenceonline.com\\\/#organization\",\"name\":\"House Of Florence\",\"url\":\"https:\\\/\\\/houseofflorenceonline.com\\\/\",\"logo\":{\"@type\":\"ImageObject\",\"inLanguage\":\"it-IT\",\"@id\":\"https:\\\/\\\/houseofflorenceonline.com\\\/#\\\/schema\\\/logo\\\/image\\\/\",\"url\":\"http:\\\/\\\/houseofflorenceonline.com\\\/wp-content\\\/uploads\\\/2020\\\/10\\\/512-HOF-Logo-Black.png\",\"contentUrl\":\"http:\\\/\\\/houseofflorenceonline.com\\\/wp-content\\\/uploads\\\/2020\\\/10\\\/512-HOF-Logo-Black.png\",\"width\":513,\"height\":513,\"caption\":\"House Of Florence\"},\"image\":{\"@id\":\"https:\\\/\\\/houseofflorenceonline.com\\\/#\\\/schema\\\/logo\\\/image\\\/\"},\"sameAs\":[\"https:\\\/\\\/www.facebook.com\\\/houseofflorenceofficial\",\"https:\\\/\\\/www.instagram.com\\\/houseofflorenceofficial\\\/\"]}]}<\/script>\n<!-- \/ Yoast SEO plugin. -->","yoast_head_json":{"title":"WILMA | Laser Shoulder Bag - House of Florence","robots":{"index":"index","follow":"follow","max-snippet":"max-snippet:-1","max-image-preview":"max-image-preview:large","max-video-preview":"max-video-preview:-1"},"canonical":"https:\/\/houseofflorenceonline.com\/it\/shop\/wilma-laser-shoulder-bag\/","og_locale":"it_IT","og_type":"article","og_title":"WILMA | Laser Shoulder Bag - House of Florence","og_description":"A summer edition of our iconic Wilma. This hobo is crafted from palmellato leather. The shoulder strap is adjustable giving you the option of carrying it crossbody or by shoulder while the push-lock closure keeps your essentials secure. With its compact design, Wilma is the perfect accessory to carry with you all day long.","og_url":"https:\/\/houseofflorenceonline.com\/it\/shop\/wilma-laser-shoulder-bag\/","og_site_name":"House of Florence","article_publisher":"https:\/\/www.facebook.com\/houseofflorenceofficial","article_modified_time":"2026-03-18T09:35:47+00:00","og_image":[{"width":700,"height":870,"url":"https:\/\/houseofflorenceonline.com\/wp-content\/uploads\/2025\/02\/1-6.jpg","type":"image\/jpeg"}],"twitter_card":"summary_large_image","twitter_misc":{"Tempo di lettura stimato":"1 minuto"},"schema":{"@context":"https:\/\/schema.org","@graph":[{"@type":"WebPage","@id":"https:\/\/houseofflorenceonline.com\/shop\/wilma-laser-shoulder-bag\/","url":"https:\/\/houseofflorenceonline.com\/shop\/wilma-laser-shoulder-bag\/","name":"WILMA | Laser Shoulder Bag - House of Florence","isPartOf":{"@id":"https:\/\/houseofflorenceonline.com\/#website"},"primaryImageOfPage":{"@id":"https:\/\/houseofflorenceonline.com\/shop\/wilma-laser-shoulder-bag\/#primaryimage"},"image":{"@id":"https:\/\/houseofflorenceonline.com\/shop\/wilma-laser-shoulder-bag\/#primaryimage"},"thumbnailUrl":"https:\/\/houseofflorenceonline.com\/wp-content\/uploads\/2025\/02\/1-6.jpg","datePublished":"2014-03-27T12:22:23+00:00","dateModified":"2026-03-18T09:35:47+00:00","breadcrumb":{"@id":"https:\/\/houseofflorenceonline.com\/shop\/wilma-laser-shoulder-bag\/#breadcrumb"},"inLanguage":"it-IT","potentialAction":[{"@type":"ReadAction","target":["https:\/\/houseofflorenceonline.com\/shop\/wilma-laser-shoulder-bag\/"]}]},{"@type":"ImageObject","inLanguage":"it-IT","@id":"https:\/\/houseofflorenceonline.com\/shop\/wilma-laser-shoulder-bag\/#primaryimage","url":"https:\/\/houseofflorenceonline.com\/wp-content\/uploads\/2025\/02\/1-6.jpg","contentUrl":"https:\/\/houseofflorenceonline.com\/wp-content\/uploads\/2025\/02\/1-6.jpg","width":700,"height":870},{"@type":"BreadcrumbList","@id":"https:\/\/houseofflorenceonline.com\/shop\/wilma-laser-shoulder-bag\/#breadcrumb","itemListElement":[{"@type":"ListItem","position":1,"name":"Home","item":"https:\/\/houseofflorenceonline.com\/"},{"@type":"ListItem","position":2,"name":"Shop","item":"https:\/\/houseofflorenceonline.com\/shop\/"},{"@type":"ListItem","position":3,"name":"WILMA | Laser Shoulder Bag"}]},{"@type":"WebSite","@id":"https:\/\/houseofflorenceonline.com\/#website","url":"https:\/\/houseofflorenceonline.com\/","name":"House of Florence","description":"","publisher":{"@id":"https:\/\/houseofflorenceonline.com\/#organization"},"potentialAction":[{"@type":"SearchAction","target":{"@type":"EntryPoint","urlTemplate":"https:\/\/houseofflorenceonline.com\/?s={search_term_string}"},"query-input":{"@type":"PropertyValueSpecification","valueRequired":true,"valueName":"search_term_string"}}],"inLanguage":"it-IT"},{"@type":"Organization","@id":"https:\/\/houseofflorenceonline.com\/#organization","name":"House Of Florence","url":"https:\/\/houseofflorenceonline.com\/","logo":{"@type":"ImageObject","inLanguage":"it-IT","@id":"https:\/\/houseofflorenceonline.com\/#\/schema\/logo\/image\/","url":"http:\/\/houseofflorenceonline.com\/wp-content\/uploads\/2020\/10\/512-HOF-Logo-Black.png","contentUrl":"http:\/\/houseofflorenceonline.com\/wp-content\/uploads\/2020\/10\/512-HOF-Logo-Black.png","width":513,"height":513,"caption":"House Of Florence"},"image":{"@id":"https:\/\/houseofflorenceonline.com\/#\/schema\/logo\/image\/"},"sameAs":["https:\/\/www.facebook.com\/houseofflorenceofficial","https:\/\/www.instagram.com\/houseofflorenceofficial\/"]}]}},"_links":{"self":[{"href":"https:\/\/houseofflorenceonline.com\/it\/wp-json\/wp\/v2\/product\/13091","targetHints":{"allow":["GET"]}}],"collection":[{"href":"https:\/\/houseofflorenceonline.com\/it\/wp-json\/wp\/v2\/product"}],"about":[{"href":"https:\/\/houseofflorenceonline.com\/it\/wp-json\/wp\/v2\/types\/product"}],"replies":[{"embeddable":true,"href":"https:\/\/houseofflorenceonline.com\/it\/wp-json\/wp\/v2\/comments?post=13091"}],"wp:featuredmedia":[{"embeddable":true,"href":"https:\/\/houseofflorenceonline.com\/it\/wp-json\/wp\/v2\/media\/13092"}],"wp:attachment":[{"href":"https:\/\/houseofflorenceonline.com\/it\/wp-json\/wp\/v2\/media?parent=13091"}],"wp:term":[{"taxonomy":"product_brand","embeddable":true,"href":"https:\/\/houseofflorenceonline.com\/it\/wp-json\/wp\/v2\/product_brand?post=13091"},{"taxonomy":"product_cat","embeddable":true,"href":"https:\/\/houseofflorenceonline.com\/it\/wp-json\/wp\/v2\/product_cat?post=13091"},{"taxonomy":"product_tag","embeddable":true,"href":"https:\/\/houseofflorenceonline.com\/it\/wp-json\/wp\/v2\/product_tag?post=13091"}],"curies":[{"name":"wp","href":"https:\/\/api.w.org\/{rel}","templated":true}]}}