{"id":10677,"date":"2014-03-27T13:24:04","date_gmt":"2014-03-27T12:24:04","guid":{"rendered":"https:\/\/test.houseofflorenceonline.com\/?post_type=product&#038;p=10677"},"modified":"2026-03-16T12:51:34","modified_gmt":"2026-03-16T11:51:34","slug":"venus-straw-hobo","status":"publish","type":"product","link":"https:\/\/houseofflorenceonline.com\/it\/shop\/venus-straw-hobo\/","title":{"rendered":"VENUS | Straw Hobo"},"content":{"rendered":"<p>La versione estiva della nostra iconica Venus: un\u2019estetica dove il colore \u00e8 il nostro linguaggio, l'arte \u00e8 la nostra guida, le donne sono le nostre muse ispiratrici. Questa hobo \u00e8 realizzata in pelle di vitello e paglia, e rifinita da galvaniche oro opaco. La tracolla \u00e8 rimovibile, consentendo di portarla a tracolla o a mano mentre la chiusura con bottone magnetico mantiene al sicuro i tuoi oggetti quotidiani.<\/p>","protected":false},"excerpt":{"rendered":"<p>This hobo is a special Summer Edition of our iconic Venus: an aesthetic where color is our language, art is our guide, women are our muses. This hobo is crafted from Straw and Calf Leather and finished with matte gold metal accessories. The shoulder strap is removable, giving you the option of carrying it crossbody [&hellip;]<\/p>\n","protected":false},"featured_media":10735,"comment_status":"open","ping_status":"closed","template":"","meta":[],"product_brand":[],"product_cat":[104,1021],"product_tag":[],"class_list":{"0":"post-10677","1":"product","2":"type-product","3":"status-publish","4":"has-post-thumbnail","6":"product_cat-bags","7":"product_cat-sale","9":"first","10":"instock","11":"sale","12":"taxable","13":"shipping-taxable","14":"purchasable","15":"product-type-simple"},"yoast_head":"<!-- This site is optimized with the Yoast SEO plugin v27.3 - https:\/\/yoast.com\/product\/yoast-seo-wordpress\/ -->\n<title>VENUS | Straw Hobo - House of Florence<\/title>\n<meta name=\"robots\" content=\"index, follow, max-snippet:-1, max-image-preview:large, max-video-preview:-1\" \/>\n<link rel=\"canonical\" href=\"https:\/\/houseofflorenceonline.com\/it\/shop\/venus-straw-hobo\/\" \/>\n<meta property=\"og:locale\" content=\"it_IT\" \/>\n<meta property=\"og:type\" content=\"article\" \/>\n<meta property=\"og:title\" content=\"VENUS | Straw Hobo - House of Florence\" \/>\n<meta property=\"og:description\" content=\"This hobo is a special Summer Edition of our iconic Venus: an aesthetic where color is our language, art is our guide, women are our muses. This hobo is crafted from Straw and Calf Leather and finished with matte gold metal accessories. The shoulder strap is removable, giving you the option of carrying it crossbody [&hellip;]\" \/>\n<meta property=\"og:url\" content=\"https:\/\/houseofflorenceonline.com\/it\/shop\/venus-straw-hobo\/\" \/>\n<meta property=\"og:site_name\" content=\"House of Florence\" \/>\n<meta property=\"article:publisher\" content=\"https:\/\/www.facebook.com\/houseofflorenceofficial\" \/>\n<meta property=\"article:modified_time\" content=\"2026-03-16T11:51:34+00:00\" \/>\n<meta property=\"og:image\" content=\"https:\/\/houseofflorenceonline.com\/wp-content\/uploads\/2023\/03\/1-22.jpg\" \/>\n\t<meta property=\"og:image:width\" content=\"700\" \/>\n\t<meta property=\"og:image:height\" content=\"870\" \/>\n\t<meta property=\"og:image:type\" content=\"image\/jpeg\" \/>\n<meta name=\"twitter:card\" content=\"summary_large_image\" \/>\n<meta name=\"twitter:label1\" content=\"Tempo di lettura stimato\" \/>\n\t<meta name=\"twitter:data1\" content=\"1 minuto\" \/>\n<script type=\"application\/ld+json\" class=\"yoast-schema-graph\">{\"@context\":\"https:\\\/\\\/schema.org\",\"@graph\":[{\"@type\":\"WebPage\",\"@id\":\"https:\\\/\\\/houseofflorenceonline.com\\\/shop\\\/venus-straw-hobo\\\/\",\"url\":\"https:\\\/\\\/houseofflorenceonline.com\\\/shop\\\/venus-straw-hobo\\\/\",\"name\":\"VENUS | Straw Hobo - House of Florence\",\"isPartOf\":{\"@id\":\"https:\\\/\\\/houseofflorenceonline.com\\\/#website\"},\"primaryImageOfPage\":{\"@id\":\"https:\\\/\\\/houseofflorenceonline.com\\\/shop\\\/venus-straw-hobo\\\/#primaryimage\"},\"image\":{\"@id\":\"https:\\\/\\\/houseofflorenceonline.com\\\/shop\\\/venus-straw-hobo\\\/#primaryimage\"},\"thumbnailUrl\":\"https:\\\/\\\/houseofflorenceonline.com\\\/wp-content\\\/uploads\\\/2023\\\/03\\\/1-22.jpg\",\"datePublished\":\"2014-03-27T12:24:04+00:00\",\"dateModified\":\"2026-03-16T11:51:34+00:00\",\"breadcrumb\":{\"@id\":\"https:\\\/\\\/houseofflorenceonline.com\\\/shop\\\/venus-straw-hobo\\\/#breadcrumb\"},\"inLanguage\":\"it-IT\",\"potentialAction\":[{\"@type\":\"ReadAction\",\"target\":[\"https:\\\/\\\/houseofflorenceonline.com\\\/shop\\\/venus-straw-hobo\\\/\"]}]},{\"@type\":\"ImageObject\",\"inLanguage\":\"it-IT\",\"@id\":\"https:\\\/\\\/houseofflorenceonline.com\\\/shop\\\/venus-straw-hobo\\\/#primaryimage\",\"url\":\"https:\\\/\\\/houseofflorenceonline.com\\\/wp-content\\\/uploads\\\/2023\\\/03\\\/1-22.jpg\",\"contentUrl\":\"https:\\\/\\\/houseofflorenceonline.com\\\/wp-content\\\/uploads\\\/2023\\\/03\\\/1-22.jpg\",\"width\":700,\"height\":870},{\"@type\":\"BreadcrumbList\",\"@id\":\"https:\\\/\\\/houseofflorenceonline.com\\\/shop\\\/venus-straw-hobo\\\/#breadcrumb\",\"itemListElement\":[{\"@type\":\"ListItem\",\"position\":1,\"name\":\"Home\",\"item\":\"https:\\\/\\\/houseofflorenceonline.com\\\/\"},{\"@type\":\"ListItem\",\"position\":2,\"name\":\"Shop\",\"item\":\"https:\\\/\\\/houseofflorenceonline.com\\\/shop\\\/\"},{\"@type\":\"ListItem\",\"position\":3,\"name\":\"VENUS | Straw Hobo\"}]},{\"@type\":\"WebSite\",\"@id\":\"https:\\\/\\\/houseofflorenceonline.com\\\/#website\",\"url\":\"https:\\\/\\\/houseofflorenceonline.com\\\/\",\"name\":\"House of Florence\",\"description\":\"\",\"publisher\":{\"@id\":\"https:\\\/\\\/houseofflorenceonline.com\\\/#organization\"},\"potentialAction\":[{\"@type\":\"SearchAction\",\"target\":{\"@type\":\"EntryPoint\",\"urlTemplate\":\"https:\\\/\\\/houseofflorenceonline.com\\\/?s={search_term_string}\"},\"query-input\":{\"@type\":\"PropertyValueSpecification\",\"valueRequired\":true,\"valueName\":\"search_term_string\"}}],\"inLanguage\":\"it-IT\"},{\"@type\":\"Organization\",\"@id\":\"https:\\\/\\\/houseofflorenceonline.com\\\/#organization\",\"name\":\"House Of Florence\",\"url\":\"https:\\\/\\\/houseofflorenceonline.com\\\/\",\"logo\":{\"@type\":\"ImageObject\",\"inLanguage\":\"it-IT\",\"@id\":\"https:\\\/\\\/houseofflorenceonline.com\\\/#\\\/schema\\\/logo\\\/image\\\/\",\"url\":\"http:\\\/\\\/houseofflorenceonline.com\\\/wp-content\\\/uploads\\\/2020\\\/10\\\/512-HOF-Logo-Black.png\",\"contentUrl\":\"http:\\\/\\\/houseofflorenceonline.com\\\/wp-content\\\/uploads\\\/2020\\\/10\\\/512-HOF-Logo-Black.png\",\"width\":513,\"height\":513,\"caption\":\"House Of Florence\"},\"image\":{\"@id\":\"https:\\\/\\\/houseofflorenceonline.com\\\/#\\\/schema\\\/logo\\\/image\\\/\"},\"sameAs\":[\"https:\\\/\\\/www.facebook.com\\\/houseofflorenceofficial\",\"https:\\\/\\\/www.instagram.com\\\/houseofflorenceofficial\\\/\"]}]}<\/script>\n<!-- \/ Yoast SEO plugin. -->","yoast_head_json":{"title":"VENUS | Straw Hobo - House of Florence","robots":{"index":"index","follow":"follow","max-snippet":"max-snippet:-1","max-image-preview":"max-image-preview:large","max-video-preview":"max-video-preview:-1"},"canonical":"https:\/\/houseofflorenceonline.com\/it\/shop\/venus-straw-hobo\/","og_locale":"it_IT","og_type":"article","og_title":"VENUS | Straw Hobo - House of Florence","og_description":"This hobo is a special Summer Edition of our iconic Venus: an aesthetic where color is our language, art is our guide, women are our muses. This hobo is crafted from Straw and Calf Leather and finished with matte gold metal accessories. The shoulder strap is removable, giving you the option of carrying it crossbody [&hellip;]","og_url":"https:\/\/houseofflorenceonline.com\/it\/shop\/venus-straw-hobo\/","og_site_name":"House of Florence","article_publisher":"https:\/\/www.facebook.com\/houseofflorenceofficial","article_modified_time":"2026-03-16T11:51:34+00:00","og_image":[{"width":700,"height":870,"url":"https:\/\/houseofflorenceonline.com\/wp-content\/uploads\/2023\/03\/1-22.jpg","type":"image\/jpeg"}],"twitter_card":"summary_large_image","twitter_misc":{"Tempo di lettura stimato":"1 minuto"},"schema":{"@context":"https:\/\/schema.org","@graph":[{"@type":"WebPage","@id":"https:\/\/houseofflorenceonline.com\/shop\/venus-straw-hobo\/","url":"https:\/\/houseofflorenceonline.com\/shop\/venus-straw-hobo\/","name":"VENUS | Straw Hobo - House of Florence","isPartOf":{"@id":"https:\/\/houseofflorenceonline.com\/#website"},"primaryImageOfPage":{"@id":"https:\/\/houseofflorenceonline.com\/shop\/venus-straw-hobo\/#primaryimage"},"image":{"@id":"https:\/\/houseofflorenceonline.com\/shop\/venus-straw-hobo\/#primaryimage"},"thumbnailUrl":"https:\/\/houseofflorenceonline.com\/wp-content\/uploads\/2023\/03\/1-22.jpg","datePublished":"2014-03-27T12:24:04+00:00","dateModified":"2026-03-16T11:51:34+00:00","breadcrumb":{"@id":"https:\/\/houseofflorenceonline.com\/shop\/venus-straw-hobo\/#breadcrumb"},"inLanguage":"it-IT","potentialAction":[{"@type":"ReadAction","target":["https:\/\/houseofflorenceonline.com\/shop\/venus-straw-hobo\/"]}]},{"@type":"ImageObject","inLanguage":"it-IT","@id":"https:\/\/houseofflorenceonline.com\/shop\/venus-straw-hobo\/#primaryimage","url":"https:\/\/houseofflorenceonline.com\/wp-content\/uploads\/2023\/03\/1-22.jpg","contentUrl":"https:\/\/houseofflorenceonline.com\/wp-content\/uploads\/2023\/03\/1-22.jpg","width":700,"height":870},{"@type":"BreadcrumbList","@id":"https:\/\/houseofflorenceonline.com\/shop\/venus-straw-hobo\/#breadcrumb","itemListElement":[{"@type":"ListItem","position":1,"name":"Home","item":"https:\/\/houseofflorenceonline.com\/"},{"@type":"ListItem","position":2,"name":"Shop","item":"https:\/\/houseofflorenceonline.com\/shop\/"},{"@type":"ListItem","position":3,"name":"VENUS | Straw Hobo"}]},{"@type":"WebSite","@id":"https:\/\/houseofflorenceonline.com\/#website","url":"https:\/\/houseofflorenceonline.com\/","name":"House of Florence","description":"","publisher":{"@id":"https:\/\/houseofflorenceonline.com\/#organization"},"potentialAction":[{"@type":"SearchAction","target":{"@type":"EntryPoint","urlTemplate":"https:\/\/houseofflorenceonline.com\/?s={search_term_string}"},"query-input":{"@type":"PropertyValueSpecification","valueRequired":true,"valueName":"search_term_string"}}],"inLanguage":"it-IT"},{"@type":"Organization","@id":"https:\/\/houseofflorenceonline.com\/#organization","name":"House Of Florence","url":"https:\/\/houseofflorenceonline.com\/","logo":{"@type":"ImageObject","inLanguage":"it-IT","@id":"https:\/\/houseofflorenceonline.com\/#\/schema\/logo\/image\/","url":"http:\/\/houseofflorenceonline.com\/wp-content\/uploads\/2020\/10\/512-HOF-Logo-Black.png","contentUrl":"http:\/\/houseofflorenceonline.com\/wp-content\/uploads\/2020\/10\/512-HOF-Logo-Black.png","width":513,"height":513,"caption":"House Of Florence"},"image":{"@id":"https:\/\/houseofflorenceonline.com\/#\/schema\/logo\/image\/"},"sameAs":["https:\/\/www.facebook.com\/houseofflorenceofficial","https:\/\/www.instagram.com\/houseofflorenceofficial\/"]}]}},"_links":{"self":[{"href":"https:\/\/houseofflorenceonline.com\/it\/wp-json\/wp\/v2\/product\/10677","targetHints":{"allow":["GET"]}}],"collection":[{"href":"https:\/\/houseofflorenceonline.com\/it\/wp-json\/wp\/v2\/product"}],"about":[{"href":"https:\/\/houseofflorenceonline.com\/it\/wp-json\/wp\/v2\/types\/product"}],"replies":[{"embeddable":true,"href":"https:\/\/houseofflorenceonline.com\/it\/wp-json\/wp\/v2\/comments?post=10677"}],"wp:featuredmedia":[{"embeddable":true,"href":"https:\/\/houseofflorenceonline.com\/it\/wp-json\/wp\/v2\/media\/10735"}],"wp:attachment":[{"href":"https:\/\/houseofflorenceonline.com\/it\/wp-json\/wp\/v2\/media?parent=10677"}],"wp:term":[{"taxonomy":"product_brand","embeddable":true,"href":"https:\/\/houseofflorenceonline.com\/it\/wp-json\/wp\/v2\/product_brand?post=10677"},{"taxonomy":"product_cat","embeddable":true,"href":"https:\/\/houseofflorenceonline.com\/it\/wp-json\/wp\/v2\/product_cat?post=10677"},{"taxonomy":"product_tag","embeddable":true,"href":"https:\/\/houseofflorenceonline.com\/it\/wp-json\/wp\/v2\/product_tag?post=10677"}],"curies":[{"name":"wp","href":"https:\/\/api.w.org\/{rel}","templated":true}]}}