{"id":10644,"date":"2014-03-27T13:25:17","date_gmt":"2014-03-27T12:25:17","guid":{"rendered":"https:\/\/test.houseofflorenceonline.com\/?post_type=product&#038;p=10644"},"modified":"2026-02-16T11:56:57","modified_gmt":"2026-02-16T10:56:57","slug":"venus-kiss-flap-bag","status":"publish","type":"product","link":"https:\/\/houseofflorenceonline.com\/it\/shop\/venus-kiss-flap-bag\/","title":{"rendered":"VENUS | Kiss Flap Bag"},"content":{"rendered":"<p>La versione estiva della nostra iconica Venus: un\u2019estetica dove il colore \u00e8 il nostro linguaggio, l'arte \u00e8 la nostra guida, le donne sono le nostre muse ispiratrici. Questo modello \u00e8 realizzato in pelle di vitello e rifinito da galvaniche oro opaco. Essendo dotata di due tracolle, regolabili e rimovibili, \u00e8 possibile portarla comodamente a tracolla o a mano.<\/p>","protected":false},"excerpt":{"rendered":"<p>This flap bag is a special Summer Edition of our iconic Venus: an aesthetic where color is our language, art is our guide, women are our muses. This piece is crafted from Calf Leather and finished with matte gold metal accessories. Equipped with two shoulder straps, adjustable and removable, giving you the option of carrying [&hellip;]<\/p>","protected":false},"featured_media":10645,"comment_status":"open","ping_status":"closed","template":"","meta":[],"product_brand":[],"product_cat":[104,1021],"product_tag":[],"class_list":{"0":"post-10644","1":"product","2":"type-product","3":"status-publish","4":"has-post-thumbnail","6":"product_cat-bags","7":"product_cat-sale","9":"first","10":"instock","11":"sale","12":"taxable","13":"shipping-taxable","14":"purchasable","15":"product-type-simple"},"yoast_head":"<!-- This site is optimized with the Yoast SEO plugin v26.3 - https:\/\/yoast.com\/wordpress\/plugins\/seo\/ -->\n<title>VENUS | Kiss Flap Bag - House of Florence<\/title>\n<meta name=\"robots\" content=\"index, follow, max-snippet:-1, max-image-preview:large, max-video-preview:-1\" \/>\n<link rel=\"canonical\" href=\"https:\/\/houseofflorenceonline.com\/it\/shop\/venus-kiss-flap-bag\/\" \/>\n<meta property=\"og:locale\" content=\"it_IT\" \/>\n<meta property=\"og:type\" content=\"article\" \/>\n<meta property=\"og:title\" content=\"VENUS | Kiss Flap Bag - House of Florence\" \/>\n<meta property=\"og:description\" content=\"This flap bag is a special Summer Edition of our iconic Venus: an aesthetic where color is our language, art is our guide, women are our muses. This piece is crafted from Calf Leather and finished with matte gold metal accessories. Equipped with two shoulder straps, adjustable and removable, giving you the option of carrying [&hellip;]\" \/>\n<meta property=\"og:url\" content=\"https:\/\/houseofflorenceonline.com\/it\/shop\/venus-kiss-flap-bag\/\" \/>\n<meta property=\"og:site_name\" content=\"House of Florence\" \/>\n<meta property=\"article:publisher\" content=\"https:\/\/www.facebook.com\/houseofflorenceofficial\" \/>\n<meta property=\"article:modified_time\" content=\"2026-02-16T10:56:57+00:00\" \/>\n<meta property=\"og:image\" content=\"https:\/\/houseofflorenceonline.com\/wp-content\/uploads\/2023\/03\/7-5.jpg\" \/>\n\t<meta property=\"og:image:width\" content=\"700\" \/>\n\t<meta property=\"og:image:height\" content=\"870\" \/>\n\t<meta property=\"og:image:type\" content=\"image\/jpeg\" \/>\n<meta name=\"twitter:card\" content=\"summary_large_image\" \/>\n<meta name=\"twitter:label1\" content=\"Tempo di lettura stimato\" \/>\n\t<meta name=\"twitter:data1\" content=\"1 minuto\" \/>\n<script type=\"application\/ld+json\" class=\"yoast-schema-graph\">{\"@context\":\"https:\/\/schema.org\",\"@graph\":[{\"@type\":\"WebPage\",\"@id\":\"https:\/\/houseofflorenceonline.com\/shop\/venus-kiss-flap-bag\/\",\"url\":\"https:\/\/houseofflorenceonline.com\/shop\/venus-kiss-flap-bag\/\",\"name\":\"VENUS | Kiss Flap Bag - House of Florence\",\"isPartOf\":{\"@id\":\"https:\/\/houseofflorenceonline.com\/#website\"},\"primaryImageOfPage\":{\"@id\":\"https:\/\/houseofflorenceonline.com\/shop\/venus-kiss-flap-bag\/#primaryimage\"},\"image\":{\"@id\":\"https:\/\/houseofflorenceonline.com\/shop\/venus-kiss-flap-bag\/#primaryimage\"},\"thumbnailUrl\":\"https:\/\/houseofflorenceonline.com\/wp-content\/uploads\/2023\/03\/7-5.jpg\",\"datePublished\":\"2014-03-27T12:25:17+00:00\",\"dateModified\":\"2026-02-16T10:56:57+00:00\",\"breadcrumb\":{\"@id\":\"https:\/\/houseofflorenceonline.com\/shop\/venus-kiss-flap-bag\/#breadcrumb\"},\"inLanguage\":\"it-IT\",\"potentialAction\":[{\"@type\":\"ReadAction\",\"target\":[\"https:\/\/houseofflorenceonline.com\/shop\/venus-kiss-flap-bag\/\"]}]},{\"@type\":\"ImageObject\",\"inLanguage\":\"it-IT\",\"@id\":\"https:\/\/houseofflorenceonline.com\/shop\/venus-kiss-flap-bag\/#primaryimage\",\"url\":\"https:\/\/houseofflorenceonline.com\/wp-content\/uploads\/2023\/03\/7-5.jpg\",\"contentUrl\":\"https:\/\/houseofflorenceonline.com\/wp-content\/uploads\/2023\/03\/7-5.jpg\",\"width\":700,\"height\":870},{\"@type\":\"BreadcrumbList\",\"@id\":\"https:\/\/houseofflorenceonline.com\/shop\/venus-kiss-flap-bag\/#breadcrumb\",\"itemListElement\":[{\"@type\":\"ListItem\",\"position\":1,\"name\":\"Home\",\"item\":\"https:\/\/houseofflorenceonline.com\/\"},{\"@type\":\"ListItem\",\"position\":2,\"name\":\"Shop\",\"item\":\"https:\/\/houseofflorenceonline.com\/shop\/\"},{\"@type\":\"ListItem\",\"position\":3,\"name\":\"VENUS | Kiss Flap Bag\"}]},{\"@type\":\"WebSite\",\"@id\":\"https:\/\/houseofflorenceonline.com\/#website\",\"url\":\"https:\/\/houseofflorenceonline.com\/\",\"name\":\"House of Florence\",\"description\":\"\",\"publisher\":{\"@id\":\"https:\/\/houseofflorenceonline.com\/#organization\"},\"potentialAction\":[{\"@type\":\"SearchAction\",\"target\":{\"@type\":\"EntryPoint\",\"urlTemplate\":\"https:\/\/houseofflorenceonline.com\/?s={search_term_string}\"},\"query-input\":{\"@type\":\"PropertyValueSpecification\",\"valueRequired\":true,\"valueName\":\"search_term_string\"}}],\"inLanguage\":\"it-IT\"},{\"@type\":\"Organization\",\"@id\":\"https:\/\/houseofflorenceonline.com\/#organization\",\"name\":\"House Of Florence\",\"url\":\"https:\/\/houseofflorenceonline.com\/\",\"logo\":{\"@type\":\"ImageObject\",\"inLanguage\":\"it-IT\",\"@id\":\"https:\/\/houseofflorenceonline.com\/#\/schema\/logo\/image\/\",\"url\":\"http:\/\/houseofflorenceonline.com\/wp-content\/uploads\/2020\/10\/512-HOF-Logo-Black.png\",\"contentUrl\":\"http:\/\/houseofflorenceonline.com\/wp-content\/uploads\/2020\/10\/512-HOF-Logo-Black.png\",\"width\":513,\"height\":513,\"caption\":\"House Of Florence\"},\"image\":{\"@id\":\"https:\/\/houseofflorenceonline.com\/#\/schema\/logo\/image\/\"},\"sameAs\":[\"https:\/\/www.facebook.com\/houseofflorenceofficial\",\"https:\/\/www.instagram.com\/houseofflorenceofficial\/\"]}]}<\/script>\n<!-- \/ Yoast SEO plugin. -->","yoast_head_json":{"title":"VENUS | Kiss Flap Bag - House of Florence","robots":{"index":"index","follow":"follow","max-snippet":"max-snippet:-1","max-image-preview":"max-image-preview:large","max-video-preview":"max-video-preview:-1"},"canonical":"https:\/\/houseofflorenceonline.com\/it\/shop\/venus-kiss-flap-bag\/","og_locale":"it_IT","og_type":"article","og_title":"VENUS | Kiss Flap Bag - House of Florence","og_description":"This flap bag is a special Summer Edition of our iconic Venus: an aesthetic where color is our language, art is our guide, women are our muses. This piece is crafted from Calf Leather and finished with matte gold metal accessories. Equipped with two shoulder straps, adjustable and removable, giving you the option of carrying [&hellip;]","og_url":"https:\/\/houseofflorenceonline.com\/it\/shop\/venus-kiss-flap-bag\/","og_site_name":"House of Florence","article_publisher":"https:\/\/www.facebook.com\/houseofflorenceofficial","article_modified_time":"2026-02-16T10:56:57+00:00","og_image":[{"width":700,"height":870,"url":"https:\/\/houseofflorenceonline.com\/wp-content\/uploads\/2023\/03\/7-5.jpg","type":"image\/jpeg"}],"twitter_card":"summary_large_image","twitter_misc":{"Tempo di lettura stimato":"1 minuto"},"schema":{"@context":"https:\/\/schema.org","@graph":[{"@type":"WebPage","@id":"https:\/\/houseofflorenceonline.com\/shop\/venus-kiss-flap-bag\/","url":"https:\/\/houseofflorenceonline.com\/shop\/venus-kiss-flap-bag\/","name":"VENUS | Kiss Flap Bag - House of Florence","isPartOf":{"@id":"https:\/\/houseofflorenceonline.com\/#website"},"primaryImageOfPage":{"@id":"https:\/\/houseofflorenceonline.com\/shop\/venus-kiss-flap-bag\/#primaryimage"},"image":{"@id":"https:\/\/houseofflorenceonline.com\/shop\/venus-kiss-flap-bag\/#primaryimage"},"thumbnailUrl":"https:\/\/houseofflorenceonline.com\/wp-content\/uploads\/2023\/03\/7-5.jpg","datePublished":"2014-03-27T12:25:17+00:00","dateModified":"2026-02-16T10:56:57+00:00","breadcrumb":{"@id":"https:\/\/houseofflorenceonline.com\/shop\/venus-kiss-flap-bag\/#breadcrumb"},"inLanguage":"it-IT","potentialAction":[{"@type":"ReadAction","target":["https:\/\/houseofflorenceonline.com\/shop\/venus-kiss-flap-bag\/"]}]},{"@type":"ImageObject","inLanguage":"it-IT","@id":"https:\/\/houseofflorenceonline.com\/shop\/venus-kiss-flap-bag\/#primaryimage","url":"https:\/\/houseofflorenceonline.com\/wp-content\/uploads\/2023\/03\/7-5.jpg","contentUrl":"https:\/\/houseofflorenceonline.com\/wp-content\/uploads\/2023\/03\/7-5.jpg","width":700,"height":870},{"@type":"BreadcrumbList","@id":"https:\/\/houseofflorenceonline.com\/shop\/venus-kiss-flap-bag\/#breadcrumb","itemListElement":[{"@type":"ListItem","position":1,"name":"Home","item":"https:\/\/houseofflorenceonline.com\/"},{"@type":"ListItem","position":2,"name":"Shop","item":"https:\/\/houseofflorenceonline.com\/shop\/"},{"@type":"ListItem","position":3,"name":"VENUS | Kiss Flap Bag"}]},{"@type":"WebSite","@id":"https:\/\/houseofflorenceonline.com\/#website","url":"https:\/\/houseofflorenceonline.com\/","name":"House of Florence","description":"","publisher":{"@id":"https:\/\/houseofflorenceonline.com\/#organization"},"potentialAction":[{"@type":"SearchAction","target":{"@type":"EntryPoint","urlTemplate":"https:\/\/houseofflorenceonline.com\/?s={search_term_string}"},"query-input":{"@type":"PropertyValueSpecification","valueRequired":true,"valueName":"search_term_string"}}],"inLanguage":"it-IT"},{"@type":"Organization","@id":"https:\/\/houseofflorenceonline.com\/#organization","name":"House Of Florence","url":"https:\/\/houseofflorenceonline.com\/","logo":{"@type":"ImageObject","inLanguage":"it-IT","@id":"https:\/\/houseofflorenceonline.com\/#\/schema\/logo\/image\/","url":"http:\/\/houseofflorenceonline.com\/wp-content\/uploads\/2020\/10\/512-HOF-Logo-Black.png","contentUrl":"http:\/\/houseofflorenceonline.com\/wp-content\/uploads\/2020\/10\/512-HOF-Logo-Black.png","width":513,"height":513,"caption":"House Of Florence"},"image":{"@id":"https:\/\/houseofflorenceonline.com\/#\/schema\/logo\/image\/"},"sameAs":["https:\/\/www.facebook.com\/houseofflorenceofficial","https:\/\/www.instagram.com\/houseofflorenceofficial\/"]}]}},"_links":{"self":[{"href":"https:\/\/houseofflorenceonline.com\/it\/wp-json\/wp\/v2\/product\/10644","targetHints":{"allow":["GET"]}}],"collection":[{"href":"https:\/\/houseofflorenceonline.com\/it\/wp-json\/wp\/v2\/product"}],"about":[{"href":"https:\/\/houseofflorenceonline.com\/it\/wp-json\/wp\/v2\/types\/product"}],"replies":[{"embeddable":true,"href":"https:\/\/houseofflorenceonline.com\/it\/wp-json\/wp\/v2\/comments?post=10644"}],"wp:featuredmedia":[{"embeddable":true,"href":"https:\/\/houseofflorenceonline.com\/it\/wp-json\/wp\/v2\/media\/10645"}],"wp:attachment":[{"href":"https:\/\/houseofflorenceonline.com\/it\/wp-json\/wp\/v2\/media?parent=10644"}],"wp:term":[{"taxonomy":"product_brand","embeddable":true,"href":"https:\/\/houseofflorenceonline.com\/it\/wp-json\/wp\/v2\/product_brand?post=10644"},{"taxonomy":"product_cat","embeddable":true,"href":"https:\/\/houseofflorenceonline.com\/it\/wp-json\/wp\/v2\/product_cat?post=10644"},{"taxonomy":"product_tag","embeddable":true,"href":"https:\/\/houseofflorenceonline.com\/it\/wp-json\/wp\/v2\/product_tag?post=10644"}],"curies":[{"name":"wp","href":"https:\/\/api.w.org\/{rel}","templated":true}]}}